{"id":2,"date":"2024-04-21T20:30:54","date_gmt":"2024-04-21T18:30:54","guid":{"rendered":"https:\/\/tragegold.de\/tg\/?page_id=2"},"modified":"2024-09-11T21:39:59","modified_gmt":"2024-09-11T19:39:59","slug":"beispiel-seite","status":"publish","type":"page","link":"https:\/\/tragegold.de\/tg\/","title":{"rendered":"Herzlich willkommen auf meiner Seite f\u00fcr Trageberatung!"},"content":{"rendered":"\n<p class=\"has-large-font-size\">Ich freue mich, dass Du mich gefunden hast.<\/p>\n\n\n\n<figure class=\"wp-block-image size-full is-resized\"><img loading=\"lazy\" decoding=\"async\" width=\"1500\" height=\"1050\" src=\"https:\/\/tragegold.de\/tg\/wp-content\/uploads\/2024\/09\/Tragegold_Banner-1.png\" alt=\"\" class=\"wp-image-121\" style=\"width:676px;height:auto\" srcset=\"https:\/\/tragegold.de\/tg\/wp-content\/uploads\/2024\/09\/Tragegold_Banner-1.png 1500w, https:\/\/tragegold.de\/tg\/wp-content\/uploads\/2024\/09\/Tragegold_Banner-1-300x210.png 300w, https:\/\/tragegold.de\/tg\/wp-content\/uploads\/2024\/09\/Tragegold_Banner-1-1024x717.png 1024w, https:\/\/tragegold.de\/tg\/wp-content\/uploads\/2024\/09\/Tragegold_Banner-1-768x538.png 768w\" sizes=\"auto, (max-width: 706px) 89vw, (max-width: 767px) 82vw, 740px\" \/><\/figure>\n\n\n\n<div class=\"wp-block-group\"><div class=\"wp-block-group__inner-container is-layout-constrained wp-block-group-is-layout-constrained\">\n<div class=\"wp-block-group is-vertical is-content-justification-center is-layout-flex wp-container-core-group-is-layout-4b2eccd6 wp-block-group-is-layout-flex\">\n<p class=\"has-text-align-left has-medium-font-size\">Das Leben mit Kind kann \u00fcberw\u00e4ltigend sein. Es entstehen neue Fragestellungen und Herausforderungen und gerade das Begleiten solcher Situationen r\u00fcckt dabei in den Fokus.<\/p>\n\n\n\n<p class=\"has-medium-font-size\">Vielleicht besch\u00e4ftigst Du Dich gerade damit, wie Du die Signale Deines Kindes genauer erkennst, um sie feinf\u00fchlig und passgenau zu beantworten. Wahrscheinlich tust Du das auch schon, indem Du ganz intuitiv auf Dein Baby reagierst, es hoch auf Deine Arme nimmst und es tr\u00e4gst.<\/p>\n\n\n\n<figure class=\"wp-block-image size-full is-resized\"><img loading=\"lazy\" decoding=\"async\" width=\"427\" height=\"640\" src=\"https:\/\/tragegold.de\/tg\/wp-content\/uploads\/2024\/07\/Mittel-DD105970.jpeg\" alt=\"\" class=\"wp-image-86\" style=\"width:319px;height:auto\" srcset=\"https:\/\/tragegold.de\/tg\/wp-content\/uploads\/2024\/07\/Mittel-DD105970.jpeg 427w, https:\/\/tragegold.de\/tg\/wp-content\/uploads\/2024\/07\/Mittel-DD105970-200x300.jpeg 200w\" sizes=\"auto, (max-width: 427px) 100vw, 427px\" \/><\/figure>\n\n\n\n<p class=\"has-medium-font-size\">Wenn Du jetzt noch mehr dar\u00fcber wissen m\u00f6chtest, bin ich die richtige Ansprechpartnerin f\u00fcr Dich. Als bindungsst\u00e4rkende Trageberaterin begleite ich Dich und Dein Kind dabei einen Weg zu finden achtsam und auf Augenh\u00f6he sowie sicher und gesund zu tragen.<\/p>\n<\/div>\n<\/div><\/div>\n","protected":false},"excerpt":{"rendered":"<p>Ich freue mich, dass Du mich gefunden hast. Das Leben mit Kind kann \u00fcberw\u00e4ltigend sein. Es entstehen neue Fragestellungen und Herausforderungen und gerade das Begleiten solcher Situationen r\u00fcckt dabei in den Fokus. Vielleicht besch\u00e4ftigst Du Dich gerade damit, wie Du die Signale Deines Kindes genauer erkennst, um sie feinf\u00fchlig und passgenau zu beantworten. Wahrscheinlich tust &hellip; <\/p>\n<p class=\"link-more\"><a href=\"https:\/\/tragegold.de\/tg\/\" class=\"more-link\"><span class=\"screen-reader-text\">\u201eHerzlich willkommen auf meiner Seite f\u00fcr Trageberatung!\u201c <\/span>weiterlesen<\/a><\/p>\n","protected":false},"author":1,"featured_media":67,"parent":0,"menu_order":0,"comment_status":"closed","ping_status":"open","template":"","meta":{"footnotes":""},"class_list":["post-2","page","type-page","status-publish","has-post-thumbnail","hentry"],"jetpack_sharing_enabled":true,"_links":{"self":[{"href":"https:\/\/tragegold.de\/tg\/wp-json\/wp\/v2\/pages\/2","targetHints":{"allow":["GET"]}}],"collection":[{"href":"https:\/\/tragegold.de\/tg\/wp-json\/wp\/v2\/pages"}],"about":[{"href":"https:\/\/tragegold.de\/tg\/wp-json\/wp\/v2\/types\/page"}],"author":[{"embeddable":true,"href":"https:\/\/tragegold.de\/tg\/wp-json\/wp\/v2\/users\/1"}],"replies":[{"embeddable":true,"href":"https:\/\/tragegold.de\/tg\/wp-json\/wp\/v2\/comments?post=2"}],"version-history":[{"count":17,"href":"https:\/\/tragegold.de\/tg\/wp-json\/wp\/v2\/pages\/2\/revisions"}],"predecessor-version":[{"id":128,"href":"https:\/\/tragegold.de\/tg\/wp-json\/wp\/v2\/pages\/2\/revisions\/128"}],"wp:featuredmedia":[{"embeddable":true,"href":"https:\/\/tragegold.de\/tg\/wp-json\/wp\/v2\/media\/67"}],"wp:attachment":[{"href":"https:\/\/tragegold.de\/tg\/wp-json\/wp\/v2\/media?parent=2"}],"curies":[{"name":"wp","href":"https:\/\/api.w.org\/{rel}","templated":true}]}}