{"id":23,"date":"2024-06-19T21:53:27","date_gmt":"2024-06-19T19:53:27","guid":{"rendered":"https:\/\/tragegold.de\/tg\/?page_id=23"},"modified":"2024-06-19T21:53:27","modified_gmt":"2024-06-19T19:53:27","slug":"allgemeine-geschaeftsbedingungen","status":"publish","type":"page","link":"https:\/\/tragegold.de\/tg\/allgemeine-geschaeftsbedingungen\/","title":{"rendered":"Allgemeine Gesch\u00e4ftsbedingungen"},"content":{"rendered":"\n<div class=\"wp-block-group is-vertical is-layout-flex wp-container-core-group-is-layout-8cf370e7 wp-block-group-is-layout-flex\">\n<p><strong>Grundsatz &amp; Geltungsbereich\u00a0<\/strong><\/p>\n\n\n\n<p>Mit der Annahme eines Angebots mit Tragegold Trageberatung (nachfolgend \u201eAnbieterin\u201c genannt) erkl\u00e4rt sich der Besteller\/Auftraggeber (nachfolgend \u201eTeilnehmer\u201c genannt) bereit, die Allgemeinen Gesch\u00e4ftsbedingungen anzuerkennen. Diese Allgemeinen Gesch\u00e4ftsbedingungen sind in jedem Fall Vertragsbestandteil und gelten als stillschweigend \u00fcbernommen, auch wenn der Vertrag nicht \u00fcber das Internet zustande kommt. Diese AGB sind damit f\u00fcr jede Art des Vertragsabschlusses g\u00fcltig.\u00a0<\/p>\n\n\n\n<p>Diese Allgemeinen Gesch\u00e4ftsbedingungen gelten f\u00fcr alle schriftlichen oder m\u00fcndlichen Vereinbarungen zwischen dem Teilnehmer und Tragegold Trageberatung, als Anbieterin von Beratungen, Kursen und Workshops.\u00a0<\/p>\n\n\n\n<p><strong>Vertragsgegenstand<\/strong><\/p>\n\n\n\n<p>Diese AGB gelten f\u00fcr alle Vertr\u00e4ge \u00fcber die Teilnahme an Beratungen (im Folgenden \u201eVeranstaltung\u201c genannt) der Anbieterin, die der Teilnehmer mit der Anbieterin hinsichtlich der auf der Website der Anbieterin dargestellten Veranstaltungen abschlie\u00dft.<\/p>\n\n\n\n<p>F\u00fcr Beratungen gelten die auf der Website www.tragegold.de unter \u201ePreise\u201c aufgef\u00fchrten Preise. Der Beratungspreis ist im Anschluss an die Beratung zu zahlen. Eine Rechnung wird per E-Mail versendet.<\/p>\n\n\n\n<p><strong>Preise<\/strong><\/p>\n\n\n\n<p>Bei starken Verschmutzungen (z.B. durch Tierhaare) oder Rauchgeruch wird zus\u00e4tzlich eine Reinigungspauschale von EUR 50,\u2013 verrechnet.<\/p>\n\n\n\n<p><strong>Absagen von Beratungen\/Kursen<\/strong><\/p>\n\n\n\n<p>Eine Beratung ist eine Dienstleistung, die mit organisatorischem und finanziellem Aufwand verbunden ist. Wird eine Beratung mehr als 24 Stunden vor dem Termin abgesagt (schriftlich oder m\u00fcndlich), erfolgt keine Berechnung des Beratungspreises. Bei Absagen weniger als 24 Stunden vor dem Termin wird der Beratungspreis von 1 Stunde Beratung (EUR 60,\u2013) berechnet, au\u00dfer es wird direkt ein neuer Termin vereinbart.<\/p>\n\n\n\n<p><strong>Veranstaltungsort<\/strong><\/p>\n\n\n\n<p>Der Veranstaltungsort f\u00fcr Beratungen wird zwischen Tragegold Trageberatung und dem Kunden vereinbart.<\/p>\n\n\n\n<p><strong>Datenspeicherung und Schweigepflicht<\/strong><\/p>\n\n\n\n<p>Zur Vorbereitung von Beratungen, zu Verwaltungszwecken, zur Kontaktaufnahme und zur Dokumentation erhebt der Anbieter pers\u00f6nliche Daten des Kunden und des betreffenden Kindes. Diese werden ohne gesondertes Einverst\u00e4ndnis nicht an Dritte weitergegeben. Eine \u00c4nderung der Daten ist dem Anbieter schriftlich mitzuteilen.<\/p>\n\n\n\n<p>Der Anbieter verpflichtet sich zur Verschwiegenheit: \u00dcber s\u00e4mtliche personenbezogene, sensible und vertrauliche Informationen und Daten wird Stillschweigen bewahrt. Einen Ausnahmefall stellen Veranstaltungen mit mehreren Kunden dar, da in diesem Fall der Anbieter nur sich selbst dazu verpflichtet, Stillschweigen zu bewahren.<\/p>\n\n\n\n<p><strong>Leistungsumfang bei einer Beratung&nbsp;<\/strong><\/p>\n\n\n\n<p>Gegenstand des Auftrages ist die vereinbarte Art der Beratung. F\u00fcr den Erfolg der Beratung bzw. bei der Anwendung des Erlernten wird keine Garantie seitens Tragegold Trageberatung \u00fcbernommen<\/p>\n\n\n\n<p><strong>Verantwortungsbereich bei einer Beratung&nbsp;<\/strong><\/p>\n\n\n\n<p>Die Verantwortung von Tragegold Trageberatung liegt ausschlie\u00dflich in einer fachkundigen, herstellerunabh\u00e4ngigen Beratung. Es liegt ausdr\u00fccklich in der Verantwortung des Kunden, auf gesundheitliche Probleme oder andere Besonderheiten hinzuweisen, welche f\u00fcr die Beratung relevant sind. Au\u00dferdem h\u00e4ngt der Erfolg der Beratung ma\u00dfgeblich von der Motivation des Kunden ab, das durch Tragegold Trageberatung vermittelte Wissen entsprechend umzusetzen und anzuwenden.\u00a0<\/p>\n\n\n\n<p><strong>Haftung&nbsp;<\/strong><\/p>\n\n\n\n<p>Tragegold Trageberatung lehnt jegliche Haftung ab. F\u00fcr Verletzungen, Unf\u00e4lle sowie gesundheitliche Sch\u00e4den und\/oder Folgesch\u00e4den w\u00e4hrend und nach der Beratung sowie durch unsachgem\u00e4\u00dfe Benutzung von Tragetuch\/Tragehilfe\/Beratungsmaterial \u00fcbernimmt Tragegold Trageberatung keine Haftung.\u00a0<\/p>\n\n\n\n<p>Sollte im Rahmen einer Beratung Material durch unsachgem\u00e4\u00dfen Gebrauch durch den Kunden zu Schaden kommen, haftet der Kunde f\u00fcr den entstandenen Schaden am Material.<\/p>\n\n\n\n<p><strong>Haftungsausschluss&nbsp;<\/strong><\/p>\n\n\n\n<p>Tragegold Trageberatung haftet nicht f\u00fcr die Aktualit\u00e4t, die inhaltliche Richtigkeit sowie f\u00fcr die Vollst\u00e4ndigkeit der auf ihrer Website zur Verf\u00fcgung gestellten Informationen. Tragegold Trageberatung hat keinen Einfluss auf die Gestaltung und die Inhalte anderer Internetseiten. Sie distanziert sich daher von allen fremden Inhalten, auch wenn von Tragegold Trageberatung Links zu diesen externen Seiten gesetzt wurden. Dies gilt f\u00fcr alle auf der Website angezeigten Links und f\u00fcr alle Inhalte der Seiten, zu denen die Links f\u00fchren.\u00a0<\/p>\n\n\n\n<p><strong>\u00c4nderung der Allgemeinen Gesch\u00e4ftsbedingungen&nbsp;<\/strong><\/p>\n\n\n\n<p>Tragegold Trageberatung kann die Allgemeinen Gesch\u00e4ftsbedingungen jederzeit \u00e4ndern. Der Kunde willigt ein, \u00fcber \u00c4nderungen der Allgemeinen Gesch\u00e4ftsbedingungen nur per Ver\u00f6ffentlichung \u00fcber die Website www.tragegold.de informiert zu werden.<\/p>\n\n\n\n<p><strong>Salvatorische Klausel<\/strong><\/p>\n\n\n\n<p>Sollten sich die Allgemeinen Gesch\u00e4ftsbedingungen als l\u00fcckenhaft erweisen oder einzelne Bedingungen unwirksam sein, tritt die Regel in Kraft, deren Wirkung die Zielsetzung am n\u00e4chsten kommt.<\/p>\n\n\n\n<p><strong>\u00a0<\/strong><\/p>\n<\/div>\n","protected":false},"excerpt":{"rendered":"<p>Grundsatz &amp; Geltungsbereich\u00a0 Mit der Annahme eines Angebots mit Tragegold Trageberatung (nachfolgend \u201eAnbieterin\u201c genannt) erkl\u00e4rt sich der Besteller\/Auftraggeber (nachfolgend \u201eTeilnehmer\u201c genannt) bereit, die Allgemeinen Gesch\u00e4ftsbedingungen anzuerkennen. Diese Allgemeinen Gesch\u00e4ftsbedingungen sind in jedem Fall Vertragsbestandteil und gelten als stillschweigend \u00fcbernommen, auch wenn der Vertrag nicht \u00fcber das Internet zustande kommt. Diese AGB sind damit f\u00fcr jede &hellip; <\/p>\n<p class=\"link-more\"><a href=\"https:\/\/tragegold.de\/tg\/allgemeine-geschaeftsbedingungen\/\" class=\"more-link\"><span class=\"screen-reader-text\">\u201eAllgemeine Gesch\u00e4ftsbedingungen\u201c <\/span>weiterlesen<\/a><\/p>\n","protected":false},"author":2,"featured_media":0,"parent":0,"menu_order":0,"comment_status":"closed","ping_status":"closed","template":"","meta":{"footnotes":""},"class_list":["post-23","page","type-page","status-publish","hentry"],"jetpack_sharing_enabled":true,"_links":{"self":[{"href":"https:\/\/tragegold.de\/tg\/wp-json\/wp\/v2\/pages\/23","targetHints":{"allow":["GET"]}}],"collection":[{"href":"https:\/\/tragegold.de\/tg\/wp-json\/wp\/v2\/pages"}],"about":[{"href":"https:\/\/tragegold.de\/tg\/wp-json\/wp\/v2\/types\/page"}],"author":[{"embeddable":true,"href":"https:\/\/tragegold.de\/tg\/wp-json\/wp\/v2\/users\/2"}],"replies":[{"embeddable":true,"href":"https:\/\/tragegold.de\/tg\/wp-json\/wp\/v2\/comments?post=23"}],"version-history":[{"count":12,"href":"https:\/\/tragegold.de\/tg\/wp-json\/wp\/v2\/pages\/23\/revisions"}],"predecessor-version":[{"id":35,"href":"https:\/\/tragegold.de\/tg\/wp-json\/wp\/v2\/pages\/23\/revisions\/35"}],"wp:attachment":[{"href":"https:\/\/tragegold.de\/tg\/wp-json\/wp\/v2\/media?parent=23"}],"curies":[{"name":"wp","href":"https:\/\/api.w.org\/{rel}","templated":true}]}}