{"id":68,"date":"2024-08-31T21:21:04","date_gmt":"2024-08-31T19:21:04","guid":{"rendered":"https:\/\/tragegold.de\/tg\/?page_id=68"},"modified":"2024-08-31T21:21:04","modified_gmt":"2024-08-31T19:21:04","slug":"ueber-mich","status":"publish","type":"page","link":"https:\/\/tragegold.de\/tg\/ueber-mich\/","title":{"rendered":"\u00dcber Mich"},"content":{"rendered":"<div class=\"wp-block-image\">\n<figure class=\"alignright size-large\"><img loading=\"lazy\" decoding=\"async\" width=\"954\" height=\"1024\" src=\"https:\/\/tragegold.de\/tg\/wp-content\/uploads\/2024\/06\/Gross-DD105809-954x1024.jpeg\" alt=\"\" class=\"wp-image-70\" srcset=\"https:\/\/tragegold.de\/tg\/wp-content\/uploads\/2024\/06\/Gross-DD105809-954x1024.jpeg 954w, https:\/\/tragegold.de\/tg\/wp-content\/uploads\/2024\/06\/Gross-DD105809-280x300.jpeg 280w, https:\/\/tragegold.de\/tg\/wp-content\/uploads\/2024\/06\/Gross-DD105809-768x824.jpeg 768w, https:\/\/tragegold.de\/tg\/wp-content\/uploads\/2024\/06\/Gross-DD105809.jpeg 1193w\" sizes=\"auto, (max-width: 706px) 89vw, (max-width: 767px) 82vw, 740px\" \/><\/figure>\n<\/div>\n\n\n<p><\/p>\n\n\n\n<p>Mein Name ist Liane und ich bin das Gesicht hinter Tragegold Trageberatung.<\/p>\n\n\n\n<p>Ich bin Mama von zwei kleinen Kindern und staatlich anerkannte Erzieherin.<\/p>\n\n\n\n<p>Beim Tragen treten wir intuitiv miteinander in einen Dialog auf Augenh\u00f6he. Ein Blick, vielleicht ein L\u00e4cheln, eine sanfte Ber\u00fchrung. Aufgrund der unmittelbaren N\u00e4he zueinander ist es uns als sorgetragenden Personen m\u00f6glich, ad\u00e4quat und prompt auf die Signale unseres Traglings zu reagieren. Gelingt es uns, mit unserer Reaktion das Bed\u00fcrfnis, das hinter der Verhaltensweise des Babys steckt, angemessen zu erf\u00fcllen, so erleben wir dies als best\u00e4rkend. Genau hier verbirgt sich die Wechselseitigkeit des Tragens, die beide Seiten als bindungsst\u00e4rkend erleben.<\/p>\n\n\n\n<p>Durch die Ausbildung beim InFant Institut zur Bindungsst\u00e4rkenden Trageberaterin habe ich meine Leidenschaft nun zur Profession werden lassen. Ich freue mich, wenn ich Dich mit meinem Wissen unterst\u00fctzen und begleiten darf.<\/p>\n\n\n\n<p><\/p>\n","protected":false},"excerpt":{"rendered":"<p>Mein Name ist Liane und ich bin das Gesicht hinter Tragegold Trageberatung. Ich bin Mama von zwei kleinen Kindern und staatlich anerkannte Erzieherin. Beim Tragen treten wir intuitiv miteinander in einen Dialog auf Augenh\u00f6he. Ein Blick, vielleicht ein L\u00e4cheln, eine sanfte Ber\u00fchrung. Aufgrund der unmittelbaren N\u00e4he zueinander ist es uns als sorgetragenden Personen m\u00f6glich, ad\u00e4quat &hellip; <\/p>\n<p class=\"link-more\"><a href=\"https:\/\/tragegold.de\/tg\/ueber-mich\/\" class=\"more-link\"><span class=\"screen-reader-text\">\u201e\u00dcber Mich\u201c <\/span>weiterlesen<\/a><\/p>\n","protected":false},"author":2,"featured_media":0,"parent":0,"menu_order":0,"comment_status":"closed","ping_status":"closed","template":"","meta":{"footnotes":""},"class_list":["post-68","page","type-page","status-publish","hentry"],"jetpack_sharing_enabled":true,"_links":{"self":[{"href":"https:\/\/tragegold.de\/tg\/wp-json\/wp\/v2\/pages\/68","targetHints":{"allow":["GET"]}}],"collection":[{"href":"https:\/\/tragegold.de\/tg\/wp-json\/wp\/v2\/pages"}],"about":[{"href":"https:\/\/tragegold.de\/tg\/wp-json\/wp\/v2\/types\/page"}],"author":[{"embeddable":true,"href":"https:\/\/tragegold.de\/tg\/wp-json\/wp\/v2\/users\/2"}],"replies":[{"embeddable":true,"href":"https:\/\/tragegold.de\/tg\/wp-json\/wp\/v2\/comments?post=68"}],"version-history":[{"count":5,"href":"https:\/\/tragegold.de\/tg\/wp-json\/wp\/v2\/pages\/68\/revisions"}],"predecessor-version":[{"id":109,"href":"https:\/\/tragegold.de\/tg\/wp-json\/wp\/v2\/pages\/68\/revisions\/109"}],"wp:attachment":[{"href":"https:\/\/tragegold.de\/tg\/wp-json\/wp\/v2\/media?parent=68"}],"curies":[{"name":"wp","href":"https:\/\/api.w.org\/{rel}","templated":true}]}}